{"id":1179,"date":"2023-08-01T09:19:41","date_gmt":"2023-08-01T07:19:41","guid":{"rendered":"https:\/\/www.kovohuty.com\/declaration-of-the-use-of-conflict-minerals\/"},"modified":"2023-08-01T09:33:07","modified_gmt":"2023-08-01T07:33:07","slug":"declaration-of-the-use-of-conflict-minerals","status":"publish","type":"page","link":"https:\/\/www.kovohuty.com\/en\/declaration-of-the-use-of-conflict-minerals\/","title":{"rendered":"Declaration of the use of conflict minerals"},"content":{"rendered":"\t\t<div data-elementor-type=\"wp-page\" data-elementor-id=\"1179\" class=\"elementor elementor-1179 elementor-1170\" data-elementor-post-type=\"page\">\n\t\t\t\t\t\t<section class=\"elementor-section elementor-top-section elementor-element elementor-element-082e87f elementor-section-height-min-height elementor-section-boxed elementor-section-height-default elementor-section-items-middle\" data-id=\"082e87f\" data-element_type=\"section\" data-settings=\"{&quot;background_background&quot;:&quot;classic&quot;}\">\n\t\t\t\t\t\t\t<div class=\"elementor-background-overlay\"><\/div>\n\t\t\t\t\t\t\t<div class=\"elementor-container elementor-column-gap-default\">\n\t\t\t\t\t<div class=\"elementor-column elementor-col-100 elementor-top-column elementor-element elementor-element-a9fd7e7\" data-id=\"a9fd7e7\" data-element_type=\"column\">\n\t\t\t<div class=\"elementor-widget-wrap elementor-element-populated\">\n\t\t\t\t\t\t<div class=\"elementor-element elementor-element-4dc3fcf elementor-widget elementor-widget-heading\" data-id=\"4dc3fcf\" data-element_type=\"widget\" data-widget_type=\"heading.default\">\n\t\t\t\t<div class=\"elementor-widget-container\">\n\t\t\t\t\t<h1 class=\"elementor-heading-title elementor-size-default\">Declaration of the use of conflict minerals<\/h1>\t\t\t\t<\/div>\n\t\t\t\t<\/div>\n\t\t\t\t<div class=\"elementor-element elementor-element-53b08f0 elementor-align-center elementor-widget__width-auto elementor-widget elementor-widget-breadcrumbs\" data-id=\"53b08f0\" data-element_type=\"widget\" data-widget_type=\"breadcrumbs.default\">\n\t\t\t\t<div class=\"elementor-widget-container\">\n\t\t\t\t\t<p id=\"breadcrumbs\"><\/p>\t\t\t\t<\/div>\n\t\t\t\t<\/div>\n\t\t\t\t\t<\/div>\n\t\t<\/div>\n\t\t\t\t\t<\/div>\n\t\t<\/section>\n\t\t\t\t<section class=\"elementor-section elementor-top-section elementor-element elementor-element-6ab1518 elementor-section-boxed elementor-section-height-default elementor-section-height-default\" data-id=\"6ab1518\" data-element_type=\"section\">\n\t\t\t\t\t\t<div class=\"elementor-container elementor-column-gap-default\">\n\t\t\t\t\t<div class=\"elementor-column elementor-col-100 elementor-top-column elementor-element elementor-element-e228657\" data-id=\"e228657\" data-element_type=\"column\">\n\t\t\t<div class=\"elementor-widget-wrap elementor-element-populated\">\n\t\t\t\t\t\t<div class=\"elementor-element elementor-element-4f61bb7 elementor-widget elementor-widget-text-editor\" data-id=\"4f61bb7\" data-element_type=\"widget\" data-widget_type=\"text-editor.default\">\n\t\t\t\t<div class=\"elementor-widget-container\">\n\t\t\t\t\t\t\t\t\t<p><span dir=\"ltr\" role=\"presentation\">KOVOHUTY Doln\u00fd Kub\u00edn s.r.o. as a major manufacturer of<\/span> f<span dir=\"ltr\" role=\"presentation\">erro silicon powders in Europe, in line with its Quality Policy, supports the intention of<\/span> <span dir=\"ltr\" role=\"presentation\">Section 1502 of the Dodd-Frank Act on Financial Market Reform and Consumer Protection.<\/span><\/p>\n<p><span dir=\"ltr\" role=\"presentation\">The purpose of this section of the law is to publish and report on the use of minerals <\/span><span dir=\"ltr\" role=\"presentation\">(collectively \u201cConflict Minerals\u201d) from the Democratic Republic of Congo and adjacent areas. The regulation <\/span><span dir=\"ltr\" role=\"presentation\">covers minerals and metals of:<\/span><\/p>\n<ul>\n<li><span dir=\"ltr\" role=\"presentation\">gold<\/span><\/li>\n<li><span dir=\"ltr\" role=\"presentation\">tin<\/span><\/li>\n<li><span dir=\"ltr\" role=\"presentation\">volfr\u00e1mtungsten <\/span><\/li>\n<li><span dir=\"ltr\" role=\"presentation\">tantalum<\/span><\/li>\n<\/ul>\n<p><br role=\"presentation\"><strong><span dir=\"ltr\" role=\"presentation\">KOVOHUTY Doln\u00fd Kub\u00edn s.r.o. hereby undertakes:<\/span><\/strong><\/p>\n<p><span dir=\"ltr\" role=\"presentation\">1.<\/span> <span dir=\"ltr\" role=\"presentation\">Obtain a statement from its suppliers, stating whether the products supplied <\/span><span dir=\"ltr\" role=\"presentation\">ontain conflict minerals: tin, tantalum, tungsten or gold.<\/span><\/p>\n<p><span dir=\"ltr\" role=\"presentation\">2.<\/span> <span dir=\"ltr\" role=\"presentation\">Require the suppliers to avoid the use of conflicting minerals <\/span><span dir=\"ltr\" role=\"presentation\">o produce their products.<\/span><\/p>\n<p><span dir=\"ltr\" role=\"presentation\">3.<\/span> <span dir=\"ltr\" role=\"presentation\">Regularly<\/span> <span dir=\"ltr\" role=\"presentation\">re-evaluate<\/span> <span dir=\"ltr\" role=\"presentation\">approved<\/span> <span dir=\"ltr\" role=\"presentation\">suppliers of<\/span> <span dir=\"ltr\" role=\"presentation\">goods<\/span> <span dir=\"ltr\" role=\"presentation\">to update<\/span> <span dir=\"ltr\" role=\"presentation\">the use<\/span> <span dir=\"ltr\" role=\"presentation\">of conflict<\/span> <span dir=\"ltr\" role=\"presentation\">minerals and their origin<\/span><\/p>\n<p><span dir=\"ltr\" role=\"presentation\">4.<\/span> <span dir=\"ltr\" role=\"presentation\">If products are found to contain conflict materials originating from problem areas <\/span> <span dir=\"ltr\" role=\"presentation\">, the company will request remedies from the supplier. In the absence of remedy, the company will seek <\/span><span dir=\"ltr\" role=\"presentation\">o use other products or will be committed to changing the supplier.<\/span><\/p>\n<p><span dir=\"ltr\" role=\"presentation\">5.<\/span> <span dir=\"ltr\" role=\"presentation\">Make this statement available on the company&#8217;s website for transparency.<\/span><\/p>\n<p><span dir=\"ltr\" role=\"presentation\">6.<\/span> <span dir=\"ltr\" role=\"presentation\">Respect the requirements for passing information on the use of conflict minerals.<\/span><\/p>\n\t\t\t\t\t\t\t\t<\/div>\n\t\t\t\t<\/div>\n\t\t\t\t\t<\/div>\n\t\t<\/div>\n\t\t\t\t\t<\/div>\n\t\t<\/section>\n\t\t\t\t<\/div>\n\t\t","protected":false},"excerpt":{"rendered":"<p>Declaration of the use of conflict minerals KOVOHUTY Doln\u00fd Kub\u00edn s.r.o. as a major manufacturer of ferro silicon powders in Europe, in line with its Quality Policy, supports the intention of Section 1502 of the Dodd-Frank Act on Financial Market Reform and Consumer Protection. The purpose of this section of the law is to publish [&hellip;]<\/p>\n","protected":false},"author":1,"featured_media":0,"parent":0,"menu_order":0,"comment_status":"closed","ping_status":"closed","template":"","meta":{"footnotes":""},"class_list":["post-1179","page","type-page","status-publish","hentry"],"yoast_head":"<!-- This site is optimized with the Yoast SEO plugin v26.7 - https:\/\/yoast.com\/wordpress\/plugins\/seo\/ -->\n<title>Declaration of the use of conflict minerals - KOVOHUTY Doln\u00fd Kub\u00edn<\/title>\n<meta name=\"robots\" content=\"index, follow, max-snippet:-1, max-image-preview:large, max-video-preview:-1\" \/>\n<link rel=\"canonical\" href=\"https:\/\/www.kovohuty.com\/en\/declaration-of-the-use-of-conflict-minerals\/\" \/>\n<meta property=\"og:locale\" content=\"en_US\" \/>\n<meta property=\"og:type\" content=\"article\" \/>\n<meta property=\"og:title\" content=\"Declaration of the use of conflict minerals - KOVOHUTY Doln\u00fd Kub\u00edn\" \/>\n<meta property=\"og:description\" content=\"Declaration of the use of conflict minerals KOVOHUTY Doln\u00fd Kub\u00edn s.r.o. as a major manufacturer of ferro silicon powders in Europe, in line with its Quality Policy, supports the intention of Section 1502 of the Dodd-Frank Act on Financial Market Reform and Consumer Protection. The purpose of this section of the law is to publish [&hellip;]\" \/>\n<meta property=\"og:url\" content=\"https:\/\/www.kovohuty.com\/en\/declaration-of-the-use-of-conflict-minerals\/\" \/>\n<meta property=\"og:site_name\" content=\"KOVOHUTY Doln\u00fd Kub\u00edn\" \/>\n<meta property=\"article:modified_time\" content=\"2023-08-01T07:33:07+00:00\" \/>\n<meta name=\"twitter:card\" content=\"summary_large_image\" \/>\n<meta name=\"twitter:label1\" content=\"Est. reading time\" \/>\n\t<meta name=\"twitter:data1\" content=\"1 minute\" \/>\n<script type=\"application\/ld+json\" class=\"yoast-schema-graph\">{\"@context\":\"https:\/\/schema.org\",\"@graph\":[{\"@type\":\"WebPage\",\"@id\":\"https:\/\/www.kovohuty.com\/en\/declaration-of-the-use-of-conflict-minerals\/\",\"url\":\"https:\/\/www.kovohuty.com\/en\/declaration-of-the-use-of-conflict-minerals\/\",\"name\":\"Declaration of the use of conflict minerals - KOVOHUTY Doln\u00fd Kub\u00edn\",\"isPartOf\":{\"@id\":\"https:\/\/www.kovohuty.com\/en\/#website\"},\"datePublished\":\"2023-08-01T07:19:41+00:00\",\"dateModified\":\"2023-08-01T07:33:07+00:00\",\"inLanguage\":\"en-US\",\"potentialAction\":[{\"@type\":\"ReadAction\",\"target\":[\"https:\/\/www.kovohuty.com\/en\/declaration-of-the-use-of-conflict-minerals\/\"]}]},{\"@type\":\"WebSite\",\"@id\":\"https:\/\/www.kovohuty.com\/en\/#website\",\"url\":\"https:\/\/www.kovohuty.com\/en\/\",\"name\":\"KOVOHUTY Doln\u00fd Kub\u00edn\",\"description\":\"\",\"publisher\":{\"@id\":\"https:\/\/www.kovohuty.com\/en\/#organization\"},\"potentialAction\":[{\"@type\":\"SearchAction\",\"target\":{\"@type\":\"EntryPoint\",\"urlTemplate\":\"https:\/\/www.kovohuty.com\/en\/?s={search_term_string}\"},\"query-input\":{\"@type\":\"PropertyValueSpecification\",\"valueRequired\":true,\"valueName\":\"search_term_string\"}}],\"inLanguage\":\"en-US\"},{\"@type\":\"Organization\",\"@id\":\"https:\/\/www.kovohuty.com\/en\/#organization\",\"name\":\"KOVOHUTY Doln\u00fd Kub\u00edn\",\"url\":\"https:\/\/www.kovohuty.com\/en\/\",\"logo\":{\"@type\":\"ImageObject\",\"inLanguage\":\"en-US\",\"@id\":\"https:\/\/www.kovohuty.com\/en\/#\/schema\/logo\/image\/\",\"url\":\"https:\/\/www.kovohuty.com\/wp-content\/uploads\/2021\/05\/kovohuty_logo_60px.png\",\"contentUrl\":\"https:\/\/www.kovohuty.com\/wp-content\/uploads\/2021\/05\/kovohuty_logo_60px.png\",\"width\":423,\"height\":60,\"caption\":\"KOVOHUTY Doln\u00fd Kub\u00edn \"},\"image\":{\"@id\":\"https:\/\/www.kovohuty.com\/en\/#\/schema\/logo\/image\/\"}}]}<\/script>\n<!-- \/ Yoast SEO plugin. -->","yoast_head_json":{"title":"Declaration of the use of conflict minerals - KOVOHUTY Doln\u00fd Kub\u00edn","robots":{"index":"index","follow":"follow","max-snippet":"max-snippet:-1","max-image-preview":"max-image-preview:large","max-video-preview":"max-video-preview:-1"},"canonical":"https:\/\/www.kovohuty.com\/en\/declaration-of-the-use-of-conflict-minerals\/","og_locale":"en_US","og_type":"article","og_title":"Declaration of the use of conflict minerals - KOVOHUTY Doln\u00fd Kub\u00edn","og_description":"Declaration of the use of conflict minerals KOVOHUTY Doln\u00fd Kub\u00edn s.r.o. as a major manufacturer of ferro silicon powders in Europe, in line with its Quality Policy, supports the intention of Section 1502 of the Dodd-Frank Act on Financial Market Reform and Consumer Protection. The purpose of this section of the law is to publish [&hellip;]","og_url":"https:\/\/www.kovohuty.com\/en\/declaration-of-the-use-of-conflict-minerals\/","og_site_name":"KOVOHUTY Doln\u00fd Kub\u00edn","article_modified_time":"2023-08-01T07:33:07+00:00","twitter_card":"summary_large_image","twitter_misc":{"Est. reading time":"1 minute"},"schema":{"@context":"https:\/\/schema.org","@graph":[{"@type":"WebPage","@id":"https:\/\/www.kovohuty.com\/en\/declaration-of-the-use-of-conflict-minerals\/","url":"https:\/\/www.kovohuty.com\/en\/declaration-of-the-use-of-conflict-minerals\/","name":"Declaration of the use of conflict minerals - KOVOHUTY Doln\u00fd Kub\u00edn","isPartOf":{"@id":"https:\/\/www.kovohuty.com\/en\/#website"},"datePublished":"2023-08-01T07:19:41+00:00","dateModified":"2023-08-01T07:33:07+00:00","inLanguage":"en-US","potentialAction":[{"@type":"ReadAction","target":["https:\/\/www.kovohuty.com\/en\/declaration-of-the-use-of-conflict-minerals\/"]}]},{"@type":"WebSite","@id":"https:\/\/www.kovohuty.com\/en\/#website","url":"https:\/\/www.kovohuty.com\/en\/","name":"KOVOHUTY Doln\u00fd Kub\u00edn","description":"","publisher":{"@id":"https:\/\/www.kovohuty.com\/en\/#organization"},"potentialAction":[{"@type":"SearchAction","target":{"@type":"EntryPoint","urlTemplate":"https:\/\/www.kovohuty.com\/en\/?s={search_term_string}"},"query-input":{"@type":"PropertyValueSpecification","valueRequired":true,"valueName":"search_term_string"}}],"inLanguage":"en-US"},{"@type":"Organization","@id":"https:\/\/www.kovohuty.com\/en\/#organization","name":"KOVOHUTY Doln\u00fd Kub\u00edn","url":"https:\/\/www.kovohuty.com\/en\/","logo":{"@type":"ImageObject","inLanguage":"en-US","@id":"https:\/\/www.kovohuty.com\/en\/#\/schema\/logo\/image\/","url":"https:\/\/www.kovohuty.com\/wp-content\/uploads\/2021\/05\/kovohuty_logo_60px.png","contentUrl":"https:\/\/www.kovohuty.com\/wp-content\/uploads\/2021\/05\/kovohuty_logo_60px.png","width":423,"height":60,"caption":"KOVOHUTY Doln\u00fd Kub\u00edn "},"image":{"@id":"https:\/\/www.kovohuty.com\/en\/#\/schema\/logo\/image\/"}}]}},"_links":{"self":[{"href":"https:\/\/www.kovohuty.com\/en\/wp-json\/wp\/v2\/pages\/1179","targetHints":{"allow":["GET"]}}],"collection":[{"href":"https:\/\/www.kovohuty.com\/en\/wp-json\/wp\/v2\/pages"}],"about":[{"href":"https:\/\/www.kovohuty.com\/en\/wp-json\/wp\/v2\/types\/page"}],"author":[{"embeddable":true,"href":"https:\/\/www.kovohuty.com\/en\/wp-json\/wp\/v2\/users\/1"}],"replies":[{"embeddable":true,"href":"https:\/\/www.kovohuty.com\/en\/wp-json\/wp\/v2\/comments?post=1179"}],"version-history":[{"count":1,"href":"https:\/\/www.kovohuty.com\/en\/wp-json\/wp\/v2\/pages\/1179\/revisions"}],"predecessor-version":[{"id":1180,"href":"https:\/\/www.kovohuty.com\/en\/wp-json\/wp\/v2\/pages\/1179\/revisions\/1180"}],"wp:attachment":[{"href":"https:\/\/www.kovohuty.com\/en\/wp-json\/wp\/v2\/media?parent=1179"}],"curies":[{"name":"wp","href":"https:\/\/api.w.org\/{rel}","templated":true}]}}